{"id":607,"date":"2023-02-23T17:36:37","date_gmt":"2023-02-23T17:36:37","guid":{"rendered":"https:\/\/netygo.fr\/?page_id=607"},"modified":"2024-01-12T17:49:03","modified_gmt":"2024-01-12T17:49:03","slug":"mentions-legales","status":"publish","type":"page","link":"https:\/\/netygo.fr\/en\/mentions-legales\/","title":{"rendered":"Legal information"},"content":{"rendered":"<div data-elementor-type=\"wp-page\" data-elementor-id=\"607\" class=\"elementor elementor-607\" data-elementor-post-type=\"page\">\n\t\t\t\t<div class=\"elementor-element elementor-element-c79a689 pad-2 e-flex e-con-boxed e-con e-parent\" data-id=\"c79a689\" data-element_type=\"container\" data-e-type=\"container\">\n\t\t\t\t\t<div class=\"e-con-inner\">\n\t\t\t\t<div class=\"elementor-element elementor-element-016b720 elementor-widget__width-inherit elementor-widget elementor-widget-heading\" data-id=\"016b720\" data-element_type=\"widget\" data-e-type=\"widget\" data-widget_type=\"heading.default\">\n\t\t\t\t\t<h1 class=\"elementor-heading-title elementor-size-default\">Legal information<\/h1>\t\t\t\t<\/div>\n\t\t\t\t<div class=\"elementor-element elementor-element-2bae586 elementor-widget__width-inherit elementor-widget-tablet__width-inherit elementor-widget elementor-widget-text-editor\" data-id=\"2bae586\" data-element_type=\"widget\" data-e-type=\"widget\" data-widget_type=\"text-editor.default\">\n\t\t\t\t\t\t\t\t\t<p><span style=\"font-weight: 400;\">In accordance with the provisions of the French law n\u00b0 2004-575 of 21 June 2004 on confidence in the digital economy, users of the Netygo website are informed of the identity of the various parties involved in its creation and follow-up.<\/span><\/p>\n<h3><b>Website editing <\/b><\/h3>\n<p><span style=\"font-weight: 400;\">This site, accessible at the URL www.netygo.fr (the \"Site\"), is published by :<\/span><\/p>\n<p>SAS NETYGO , is a company with capital of 20,000 euros registered in the PARIS Trade and Companies Register under number Paris B 894 181 189 , with its registered office at 6 rue d'Armaill\u00e9 75017 PARIS , represented by Maxime Boudiaf, duly authorised.<\/p>\n<p><span style=\"font-weight: 400;\">The individual VAT number of the publisher is: FR43894181189.<\/span><\/p>\n<h3><b>Hosting<\/b><\/h3>\n<p><span style=\"font-weight: 400;\">The Site is hosted by Hostinger International LTD, located in , (phone or email contact: https:\/\/www.hostinger.fr\/contact).<\/span><\/p>\n<h3><b>Director of publication&nbsp;<\/b><\/h3>\n<p><span style=\"font-weight: 400;\">The Director of the publication of the Site is Maxime Boudiaf.<\/span><\/p>\n<h3><b>Get in touch&nbsp;<\/b><\/h3>\n<p><span style=\"font-weight: 400;\">By telephone: +33756817212<\/span><\/p>\n<p><span style=\"font-weight: 400;\">By email: hello@netygo.fr<\/span><\/p>\n<p><span style=\"font-weight: 400;\">By post: 6 rue d'armaill\u00e9 75017 PARIS<\/span><\/p>\n<h3><b>Personal data<\/b><\/h3>\n<p><span style=\"font-weight: 400;\">The processing of your personal data is governed by our Privacy Charter, available from the \"Personal Data Protection Charter\" section, in accordance with the General Data Protection Regulation 2016\/679 of 27 April 2016 (\"GDPR\").<\/span><\/p>\t\t\t\t\t\t\t\t<\/div>\n\t\t\t\t\t<\/div>\n\t\t\t\t<\/div>\n\t\t\t\t<\/div>","protected":false},"excerpt":{"rendered":"<p>Mentions l\u00e9gales Conform\u00e9ment aux dispositions de la loi n\u00b0 2004-575 du 21 juin 2004 pour la confiance en l&rsquo;\u00e9conomie num\u00e9rique, il est pr\u00e9cis\u00e9 aux utilisateurs du site Netygo l&rsquo;identit\u00e9 des diff\u00e9rents intervenants dans le cadre de sa r\u00e9alisation et de son suivi. Edition du site Le pr\u00e9sent site, accessible \u00e0 l\u2019URL www.netygo.fr (le \u00ab Site [&hellip;]<\/p>\n","protected":false},"author":1,"featured_media":0,"parent":0,"menu_order":7,"comment_status":"closed","ping_status":"closed","template":"","meta":{"_acf_changed":false,"footnotes":""},"class_list":["post-607","page","type-page","status-publish","hentry"],"acf":[],"_links":{"self":[{"href":"https:\/\/netygo.fr\/en\/wp-json\/wp\/v2\/pages\/607","targetHints":{"allow":["GET"]}}],"collection":[{"href":"https:\/\/netygo.fr\/en\/wp-json\/wp\/v2\/pages"}],"about":[{"href":"https:\/\/netygo.fr\/en\/wp-json\/wp\/v2\/types\/page"}],"author":[{"embeddable":true,"href":"https:\/\/netygo.fr\/en\/wp-json\/wp\/v2\/users\/1"}],"replies":[{"embeddable":true,"href":"https:\/\/netygo.fr\/en\/wp-json\/wp\/v2\/comments?post=607"}],"version-history":[{"count":5,"href":"https:\/\/netygo.fr\/en\/wp-json\/wp\/v2\/pages\/607\/revisions"}],"predecessor-version":[{"id":6347,"href":"https:\/\/netygo.fr\/en\/wp-json\/wp\/v2\/pages\/607\/revisions\/6347"}],"wp:attachment":[{"href":"https:\/\/netygo.fr\/en\/wp-json\/wp\/v2\/media?parent=607"}],"curies":[{"name":"wp","href":"https:\/\/api.w.org\/{rel}","templated":true}]}}